{"id":3262,"date":"2023-11-30T10:23:32","date_gmt":"2023-11-30T09:23:32","guid":{"rendered":"https:\/\/weinhundert.styleinc.eu\/kontakt-os\/"},"modified":"2025-10-08T13:13:59","modified_gmt":"2025-10-08T11:13:59","slug":"kontakt-os","status":"publish","type":"page","link":"https:\/\/weinhundert.styleinc.eu\/da\/kontakt-os\/","title":{"rendered":"Kontakt os"},"content":{"rendered":"<p>[et_pb_section fb_built=&#8221;1&#8243; custom_padding_last_edited=&#8221;on|desktop&#8221; module_class=&#8221;woo-landing-hero-section contact-cta&#8221; _builder_version=&#8221;4.27.4&#8243; _module_preset=&#8221;default&#8221; background_color=&#8221;gcid-2364a8b1-6ac0-4f28-9c30-dfd357b4c44e&#8221; custom_margin=&#8221;||||false|false&#8221; custom_padding=&#8221;242px||0px||false|false&#8221; custom_padding_tablet=&#8221;195px||0px||false|false&#8221; custom_padding_phone=&#8221;150px||0px||false|false&#8221; background_last_edited=&#8221;on|phone&#8221; use_background_color_gradient_phone=&#8221;off&#8221; locked=&#8221;off&#8221; global_colors_info=&#8221;{%22gcid-2364a8b1-6ac0-4f28-9c30-dfd357b4c44e%22:%91%22background_color%22%93}&#8221;][et_pb_row use_custom_gutter=&#8221;on&#8221; gutter_width=&#8221;1&#8243; module_class=&#8221;woo-landing&#8221; _builder_version=&#8221;4.27.4&#8243; _module_preset=&#8221;default&#8221; custom_padding=&#8221;0px||0px||true|false&#8221; global_colors_info=&#8221;{}&#8221;][et_pb_column type=&#8221;4_4&#8243; _builder_version=&#8221;4.27.4&#8243; _module_preset=&#8221;default&#8221; global_colors_info=&#8221;{}&#8221;][et_pb_text admin_label=&#8221;Page Title&#8221; module_class=&#8221;h1&#8243; _builder_version=&#8221;4.27.4&#8243; _dynamic_attributes=&#8221;content&#8221; _module_preset=&#8221;default&#8221; text_font=&#8221;|||on|||||&#8221; header_font=&#8221;Inter|600|||||||&#8221; text_orientation=&#8221;center&#8221; custom_margin=&#8221;||9px||false|false&#8221; custom_margin_tablet=&#8221;||4px||false|false&#8221; custom_margin_phone=&#8221;||-4px||false|false&#8221; custom_margin_last_edited=&#8221;on|tablet&#8221; animation_style=&#8221;slide&#8221; animation_direction=&#8221;bottom&#8221; animation_intensity_slide=&#8221;5%&#8221; global_colors_info=&#8221;{}&#8221;]@ET-DC@eyJkeW5hbWljIjp0cnVlLCJjb250ZW50IjoicG9zdF90aXRsZSIsInNldHRpbmdzIjp7ImJlZm9yZSI6IjxoMT4iLCJhZnRlciI6IjwvaDE+IiwiZW5hYmxlX2h0bWwiOiJvZmYifX0=@[\/et_pb_text][et_pb_text admin_label=&#8221;Kontakt aufnehmen&#8221; module_class=&#8221;h3&#8243; _builder_version=&#8221;4.27.4&#8243; _module_preset=&#8221;default&#8221; header_2_font=&#8221;|600||on|||||&#8221; header_2_text_align=&#8221;center&#8221; header_2_text_color=&#8221;gcid-primary-color&#8221; header_3_font=&#8221;|600||on|||||&#8221; header_3_text_align=&#8221;center&#8221; header_3_text_color=&#8221;gcid-primary-color&#8221; custom_margin=&#8221;||33px||false|false&#8221; custom_margin_tablet=&#8221;||15px||false|false&#8221; custom_margin_phone=&#8221;||6px||false|false&#8221; custom_margin_last_edited=&#8221;on|tablet&#8221; animation_style=&#8221;slide&#8221; animation_direction=&#8221;bottom&#8221; animation_intensity_slide=&#8221;5%&#8221; global_colors_info=&#8221;{%22gcid-primary-color%22:%91%22header_3_text_color%22,%22header_2_text_color%22%93}&#8221;]<\/p>\n<h2>Kontakt os<\/h2>\n<p>[\/et_pb_text][et_pb_text admin_label=&#8221;Das Team von Weinhundert Store &#038; Bar ist stets bereit&#8230;&#8221; _builder_version=&#8221;4.27.4&#8243; _module_preset=&#8221;default&#8221; text_font=&#8221;||||||||&#8221; text_orientation=&#8221;center&#8221; max_width=&#8221;1100px&#8221; module_alignment=&#8221;center&#8221; custom_margin=&#8221;||15px||false|false&#8221; custom_margin_tablet=&#8221;||17px||false|false&#8221; custom_margin_phone=&#8221;||17px||false|false&#8221; custom_margin_last_edited=&#8221;on|phone&#8221; animation_style=&#8221;slide&#8221; animation_direction=&#8221;bottom&#8221; animation_intensity_slide=&#8221;5%&#8221; global_colors_info=&#8221;{%22gcid-8e7a0630-01fa-492a-a0ba-c1a1ef8f6776%22:%91%22header_2_text_color%22%93,%22gcid-primary-color%22:%91%22header_3_text_color%22%93}&#8221;]<\/p>\n<p>Teamet p\u00e5 Weinhundert Store &amp; Bar er altid klar til at opfylde dine \u00f8nsker og g\u00f8re dit ophold i vores vinbar eller butik s\u00e5 behageligt som muligt. Brug vores kontaktformular til alle generelle foresp\u00f8rgsler &#8211; fra foresp\u00f8rgsler om arrangementer til produktinformation. <\/p>\n<p>[\/et_pb_text][et_pb_text admin_label=&#8221;Bitte beachten Sie, dass Reservierungsanfragen&#8230;&#8221; module_class=&#8221;h5&#8243; _builder_version=&#8221;4.27.4&#8243; _module_preset=&#8221;default&#8221; header_3_font=&#8221;|600|||||||&#8221; header_3_text_align=&#8221;center&#8221; header_5_font=&#8221;|600|||||||&#8221; header_5_text_align=&#8221;center&#8221; max_width=&#8221;1100px&#8221; module_alignment=&#8221;center&#8221; animation_style=&#8221;slide&#8221; animation_direction=&#8221;bottom&#8221; animation_intensity_slide=&#8221;5%&#8221; global_colors_info=&#8221;{%22gcid-8e7a0630-01fa-492a-a0ba-c1a1ef8f6776%22:%91%22header_2_text_color%22%93,%22gcid-primary-color%22:%91%22header_3_text_color%22%93}&#8221;]<\/p>\n<h3>Bem\u00e6rk venligst, at reservationsforesp\u00f8rgsler kun kan foretages via telefon. Vi ser frem til dit opkald! <\/h3>\n<p>[\/et_pb_text][et_pb_button button_url=&#8221;tel:4946140778834&#8243; button_text=&#8221;4946140778834&#8243; button_alignment=&#8221;center&#8221; _builder_version=&#8221;4.27.4&#8243; _module_preset=&#8221;default&#8221; custom_margin=&#8221;32px||0px||false|false&#8221; custom_margin_tablet=&#8221;22px||0px||false|false&#8221; custom_margin_phone=&#8221;23px||0px||false|false&#8221; custom_margin_last_edited=&#8221;on|desktop&#8221; animation_style=&#8221;slide&#8221; animation_direction=&#8221;bottom&#8221; animation_intensity_slide=&#8221;5%&#8221; global_colors_info=&#8221;{%22gcid-8e7a0630-01fa-492a-a0ba-c1a1ef8f6776%22:%91%22header_2_text_color%22%93,%22gcid-primary-color%22:%91%22header_3_text_color%22%93}&#8221;][\/et_pb_button][\/et_pb_column][\/et_pb_row][\/et_pb_section][et_pb_section fb_built=&#8221;1&#8243; custom_padding_last_edited=&#8221;on|tablet&#8221; admin_label=&#8221;Footer&#8221; module_class=&#8221;contact-cta&#8221; _builder_version=&#8221;4.27.4&#8243; _module_preset=&#8221;default&#8221; background_color=&#8221;#F7F0EB&#8221; custom_padding=&#8221;100px||150px||false|false&#8221; custom_padding_tablet=&#8221;60px||80px||false|false&#8221; custom_padding_phone=&#8221;40px||60px||false|false&#8221; saved_tabs=&#8221;all&#8221; collapsed=&#8221;off&#8221; global_colors_info=&#8221;{}&#8221;][et_pb_row column_structure=&#8221;2_3,1_3&#8243; use_custom_gutter=&#8221;on&#8221; gutter_width=&#8221;1&#8243; make_equal=&#8221;on&#8221; custom_padding_last_edited=&#8221;on|tablet&#8221; module_class=&#8221;contact-from-row&#8221; _builder_version=&#8221;4.27.4&#8243; _module_preset=&#8221;default&#8221; background_color=&#8221;#FFFFFF&#8221; width=&#8221;90%&#8221; width_tablet=&#8221;80%&#8221; width_phone=&#8221;80%&#8221; width_last_edited=&#8221;on|tablet&#8221; max_width=&#8221;90%&#8221; max_width_tablet=&#8221;80%&#8221; max_width_phone=&#8221;80%&#8221; max_width_last_edited=&#8221;on|tablet&#8221; custom_padding=&#8221;72px|80px|80px|80px|false|true&#8221; custom_padding_tablet=&#8221;54px|60px|60px|60px|false|true&#8221; custom_padding_phone=&#8221;24px|30px|30px|30px|false|true&#8221; border_radii=&#8221;on|50px|50px|50px|50px&#8221; border_radii_tablet=&#8221;on|30px|30px|30px|30px&#8221; border_radii_phone=&#8221;on|30px|30px|30px|30px&#8221; border_radii_last_edited=&#8221;on|tablet&#8221; global_colors_info=&#8221;{}&#8221;][et_pb_column type=&#8221;2_3&#8243; module_class=&#8221;contact-form-left&#8221; _builder_version=&#8221;4.27.4&#8243; _module_preset=&#8221;default&#8221; custom_padding=&#8221;|60px|||false|false&#8221; custom_padding_tablet=&#8221;|0px|40px||false|false&#8221; custom_padding_phone=&#8221;||40px||false|false&#8221; custom_padding_last_edited=&#8221;on|tablet&#8221; border_width_right=&#8221;1px&#8221; border_color_right=&#8221;#252525&#8243; border_color_bottom=&#8221;#585858&#8243; border_width_right_tablet=&#8221;0px&#8221; border_width_right_phone=&#8221;0px&#8221; border_width_right_last_edited=&#8221;on|tablet&#8221; border_width_bottom_tablet=&#8221;1px&#8221; border_width_bottom_phone=&#8221;1px&#8221; border_width_bottom_last_edited=&#8221;on|tablet&#8221; global_colors_info=&#8221;{}&#8221;][et_pb_text admin_label=&#8221;Senden Sie uns eine Nachricht&#8221; module_class=&#8221;h4&#8243; _builder_version=&#8221;4.27.4&#8243; _module_preset=&#8221;default&#8221; header_4_font=&#8221;|600|||||||&#8221; custom_margin=&#8221;||41px||false|false&#8221; custom_margin_tablet=&#8221;||22px||false|false&#8221; custom_margin_phone=&#8221;||12px||false|false&#8221; custom_margin_last_edited=&#8221;on|tablet&#8221; global_colors_info=&#8221;{}&#8221;]<\/p>\n<h4>Send os en besked<\/h4>\n<p>[\/et_pb_text][et_pb_code admin_label=&#8221;Kontaktformular&#8221; _builder_version=&#8221;4.25.1&#8243; _module_preset=&#8221;default&#8221; global_colors_info=&#8221;{}&#8221;]\n<div class=\"wpcf7 no-js\" id=\"wpcf7-f3265-o1\" lang=\"da-DK\" dir=\"ltr\" data-wpcf7-id=\"3265\">\n<div class=\"screen-reader-response\"><p role=\"status\" aria-live=\"polite\" aria-atomic=\"true\"><\/p> <ul><\/ul><\/div>\n<form action=\"\/da\/wp-json\/wp\/v2\/pages\/3262#wpcf7-f3265-o1\" method=\"post\" class=\"wpcf7-form init wpcf7-acceptance-as-validation\" aria-label=\"Kontaktformular\" novalidate=\"novalidate\" data-status=\"init\">\n<fieldset class=\"hidden-fields-container\"><input type=\"hidden\" name=\"_wpcf7\" value=\"3265\" \/><input type=\"hidden\" name=\"_wpcf7_version\" value=\"6.1.5\" \/><input type=\"hidden\" name=\"_wpcf7_locale\" value=\"da_DK\" \/><input type=\"hidden\" name=\"_wpcf7_unit_tag\" value=\"wpcf7-f3265-o1\" \/><input type=\"hidden\" name=\"_wpcf7_container_post\" value=\"0\" \/><input type=\"hidden\" name=\"_wpcf7_posted_data_hash\" value=\"\" \/>\n<\/fieldset>\n<div class=\"form-row\">\n\t<div class=\"form-twocol\">\n\t\t<p><label><span class=\"label-text\">Fornavn*<\/span><span class=\"wpcf7-form-control-wrap\" data-name=\"vorname\"><input size=\"40\" maxlength=\"400\" class=\"wpcf7-form-control wpcf7-text wpcf7-validates-as-required\" aria-required=\"true\" aria-invalid=\"false\" value=\"\" type=\"text\" name=\"vorname\" \/><\/span><\/label>\n\t\t<\/p>\n\t<\/div>\n\t<div class=\"form-twocol\">\n\t\t<p><label><span class=\"label-text\">Efternavn*<\/span><span class=\"wpcf7-form-control-wrap\" data-name=\"nachname\"><input size=\"40\" maxlength=\"400\" class=\"wpcf7-form-control wpcf7-text wpcf7-validates-as-required\" aria-required=\"true\" aria-invalid=\"false\" value=\"\" type=\"text\" name=\"nachname\" \/><\/span><\/label>\n\t\t<\/p>\n\t<\/div>\n<\/div>\n<div class=\"form-row\">\n\t<div class=\"form-twocol\">\n\t\t<p><label><span class=\"label-text\">E-mail-adresse*<\/span><span class=\"wpcf7-form-control-wrap\" data-name=\"email-address\"><input size=\"40\" maxlength=\"400\" class=\"wpcf7-form-control wpcf7-email wpcf7-validates-as-required wpcf7-text wpcf7-validates-as-email\" aria-required=\"true\" aria-invalid=\"false\" value=\"\" type=\"email\" name=\"email-address\" \/><\/span><\/label>\n\t\t<\/p>\n\t<\/div>\n\t<div class=\"form-twocol\">\n\t\t<p><label><span class=\"label-text\">Telefonnummer*<\/span><span class=\"wpcf7-form-control-wrap\" data-name=\"phone\"><input size=\"40\" maxlength=\"400\" class=\"wpcf7-form-control wpcf7-tel wpcf7-validates-as-required wpcf7-text wpcf7-validates-as-tel\" aria-required=\"true\" aria-invalid=\"false\" value=\"\" type=\"tel\" name=\"phone\" \/><\/span><\/label>\n\t\t<\/p>\n\t<\/div>\n<\/div>\n<div class=\"form-row\">\n\t<div class=\"form-onecol\">\n\t\t<p><label for=\"message\"><span class=\"label-text\">Besked<\/span><\/label><br \/>\n<span class=\"wpcf7-form-control-wrap\" data-name=\"message\"><textarea cols=\"40\" rows=\"10\" maxlength=\"2000\" class=\"wpcf7-form-control wpcf7-textarea wpcf7-validates-as-required\" id=\"message\" aria-required=\"true\" aria-invalid=\"false\" name=\"message\"><\/textarea><\/span>\n\t\t<\/p>\n\t<\/div>\n<\/div>\n<div class=\"form-row checkbox\">\n\t<div class=\"form-onecol\">\n\t\t<p><span class=\"wpcf7-form-control-wrap\" data-name=\"your-consent\"><span class=\"wpcf7-form-control wpcf7-acceptance\"><span class=\"wpcf7-list-item\"><label><input type=\"checkbox\" name=\"your-consent\" value=\"1\" class=\"data-policy\" aria-invalid=\"false\" \/><span class=\"wpcf7-list-item-label\">Ved at sende e-mailen bekr\u00e6fter du, at du accepterer vores privatlivspolitik. <a href=\"\/datenschutz\/\" target=\"_blank\">Beskyttelse af personoplysninger<\/a>.<\/span><\/label><\/span><\/span><\/span>\n\t\t<\/p>\n\t<\/div>\n<\/div>\n<div class=\"form-row\">\n\t<div class=\"form-onecol\">\n\t\t<div class=\"submit-btn\">\n\t\t\t<p><input class=\"wpcf7-form-control wpcf7-submit has-spinner\" type=\"submit\" value=\"Send en besked\" \/>\n\t\t\t<\/p>\n\t\t<\/div>\n\t<\/div>\n<\/div><div class=\"wpcf7-response-output\" aria-hidden=\"true\"><\/div>\n<\/form>\n<\/div>\n[\/et_pb_code][\/et_pb_column][et_pb_column type=&#8221;1_3&#8243; module_class=&#8221;contact-form-right&#8221; _builder_version=&#8221;4.27.4&#8243; _module_preset=&#8221;default&#8221; custom_padding=&#8221;|||60px|false|false&#8221; custom_padding_tablet=&#8221;35px|||0px|false|false&#8221; custom_padding_phone=&#8221;34px||||false|false&#8221; custom_padding_last_edited=&#8221;on|tablet&#8221; global_colors_info=&#8221;{}&#8221;][et_pb_text admin_label=&#8221;Anschrift&#8221; module_class=&#8221;h4&#8243; _builder_version=&#8221;4.27.4&#8243; _module_preset=&#8221;default&#8221; header_2_text_color=&#8221;gcid-ee15ffe7-3187-48ae-8520-9080210e2321&#8243; header_3_font=&#8221;|600|||||||&#8221; header_3_text_color=&#8221;#FFFFFF&#8221; header_4_font=&#8221;|600|||||||&#8221; custom_margin=&#8221;||5px||false|false&#8221; global_colors_info=&#8221;{%22gcid-ee15ffe7-3187-48ae-8520-9080210e2321%22:%91%22header_2_text_color%22%93}&#8221;]<\/p>\n<h4>adresse<\/h4>\n<p>[\/et_pb_text][et_pb_text admin_label=&#8221;Address&#8221; _builder_version=&#8221;4.25.1&#8243; _module_preset=&#8221;default&#8221; custom_margin=&#8221;||15px||false|false&#8221; custom_padding=&#8221;||||false|false&#8221; global_colors_info=&#8221;{}&#8221;]<\/p>\n<p>Weinhundert GmbH Rote Str. 12 24937 Flensburg\n<\/p>\n<p>[\/et_pb_text][et_pb_text admin_label=&#8221;Anfahrt bei Google Maps&#8221; module_class=&#8221;get-direction&#8221; _builder_version=&#8221;4.25.1&#8243; _module_preset=&#8221;default&#8221; text_font=&#8221;|300|||||||&#8221; text_text_color=&#8221;gcid-ee15ffe7-3187-48ae-8520-9080210e2321&#8243; custom_margin=&#8221;||30px||false|false&#8221; custom_padding=&#8221;||||false|false&#8221; global_colors_info=&#8221;{%22gcid-ee15ffe7-3187-48ae-8520-9080210e2321%22:%91%22text_text_color%22%93}&#8221;]<\/p>\n<p><a href=\"https:\/\/maps.app.goo.gl\/TbzRKLRUkw1rygi19\" target=\"_blank\" rel=\"noopener nofollow\">K\u00f8rselsvejledning p\u00e5 Google Maps<\/a><\/p>\n<p>[\/et_pb_text][et_pb_divider color=&#8221;#252525&#8243; _builder_version=&#8221;4.27.4&#8243; _module_preset=&#8221;default&#8221; custom_margin=&#8221;||8px||false|false&#8221; custom_padding=&#8221;||||false|false&#8221; global_colors_info=&#8221;{}&#8221;][\/et_pb_divider][et_pb_text admin_label=&#8221;PHONE&#8221; module_class=&#8221;contact-head h6&#8243; _builder_version=&#8221;4.27.4&#8243; _module_preset=&#8221;1d866de3-b108-4c5f-bed3-2da9506a6915&#8243; header_5_font=&#8221;|||on|||||&#8221; header_6_font=&#8221;|||on|||||&#8221; custom_margin=&#8221;||0px||false|false&#8221; global_colors_info=&#8221;{}&#8221;]<\/p>\n<h5>telefon<\/h5>\n<p>[\/et_pb_text][et_pb_text admin_label=&#8221;Phone Number&#8221; module_class=&#8221;contact-link&#8221; _builder_version=&#8221;4.25.1&#8243; _module_preset=&#8221;16a54059-cc81-4572-9c70-eda6a6c419bf&#8221; text_text_color=&#8221;#FFFFFF&#8221; custom_margin=&#8221;-5px||30px||false|false&#8221; global_colors_info=&#8221;{}&#8221;]<\/p>\n<p><a href=\"tel:+4946140778834\">+4946140778834<\/a><\/p>\n<p>[\/et_pb_text][et_pb_divider color=&#8221;#252525&#8243; _builder_version=&#8221;4.27.4&#8243; _module_preset=&#8221;default&#8221; custom_margin=&#8221;||8px||false|false&#8221; custom_padding=&#8221;||||false|false&#8221; global_colors_info=&#8221;{}&#8221;][\/et_pb_divider][et_pb_text admin_label=&#8221;E-mail&#8221; module_class=&#8221;contact-head h6&#8243; _builder_version=&#8221;4.27.4&#8243; _module_preset=&#8221;1d866de3-b108-4c5f-bed3-2da9506a6915&#8243; header_5_font=&#8221;|||on|||||&#8221; header_6_font=&#8221;|||on|||||&#8221; custom_margin=&#8221;||0px||false|false&#8221; global_colors_info=&#8221;{}&#8221;]<\/p>\n<h5>e-mail<\/h5>\n<p>[\/et_pb_text][et_pb_text admin_label=&#8221;Email Address&#8221; module_class=&#8221;contact-link&#8221; _builder_version=&#8221;4.25.1&#8243; _module_preset=&#8221;16a54059-cc81-4572-9c70-eda6a6c419bf&#8221; text_text_color=&#8221;#FFFFFF&#8221; custom_margin=&#8221;-5px||30px||false|false&#8221; custom_padding=&#8221;||||false|false&#8221; text_font_size_last_edited=&#8221;off|phone&#8221; locked=&#8221;off&#8221; global_colors_info=&#8221;{}&#8221;]<\/p>\n<p><a href=\"mailto:hello@weinhundert.com\">hello@weinhundert.com<\/a><\/p>\n<p>[\/et_pb_text][et_pb_divider color=&#8221;#252525&#8243; _builder_version=&#8221;4.27.4&#8243; _module_preset=&#8221;default&#8221; custom_margin=&#8221;||0px||false|false&#8221; custom_padding=&#8221;||||false|false&#8221; global_colors_info=&#8221;{}&#8221;][\/et_pb_divider][et_pb_code admin_label=&#8221;Sociale medier&#8221; module_class=&#8221;footer-social contact-social&#8221; _builder_version=&#8221;4.27.4&#8243; _module_preset=&#8221;default&#8221; custom_padding=&#8221;5px||||false|false&#8221; hover_enabled=&#8221;0&#8243; global_colors_info=&#8221;{}&#8221; sticky_enabled=&#8221;0&#8243;]<\/p>\n<ul><!-- [et_pb_line_break_holder] -->  <\/p>\n<li><a href=\"https:\/\/www.facebook.com\/profile.php?id=61553763486662\" target=\"_blank\" class=\"fb\" rel=\"noopener nofollow\" aria-label=\"Facebook Social Media Link\"><\/a><\/li>\n<p><!-- [et_pb_line_break_holder] -->  <\/p>\n<li><a href=\"https:\/\/www.instagram.com\/weinhundert\" target=\"_blank\" class=\"insta\" rel=\"noopener nofollow\" aria-label=\"Instagram Social Media Link\"><\/a><\/li>\n<p><!-- [et_pb_line_break_holder] --><\/ul>\n<p>[\/et_pb_code][\/et_pb_column][\/et_pb_row][\/et_pb_section]<\/p>\n","protected":false},"excerpt":{"rendered":"<p>Weinhundert Store &amp; Bar-teamet er altid klar til at opfylde dine \u00f8nsker og g\u00f8re dit ophold hos os i vinbaren eller butikken s\u00e5 behageligt som muligt.<br \/>\nBrug vores kontakt- og reservationsformular til din individuelle henvendelse til os og Weinhundert Store &amp; Bar-teamet.<\/p>\n","protected":false},"author":1,"featured_media":0,"parent":0,"menu_order":0,"comment_status":"closed","ping_status":"closed","template":"","meta":{"_acf_changed":false,"_et_pb_use_builder":"on","_et_pb_old_content":"","_et_gb_content_width":"","inline_featured_image":false,"_price":"","_stock":"","_tribe_ticket_header":"","_tribe_default_ticket_provider":"","_ticket_start_date":"","_ticket_end_date":"","_tribe_ticket_show_description":"","_tribe_ticket_show_not_going":false,"_tribe_ticket_use_global_stock":"","_tribe_ticket_global_stock_level":"","_global_stock_mode":"","_global_stock_cap":"","_tribe_rsvp_for_event":"","_tribe_ticket_going_count":"","_tribe_ticket_not_going_count":"","_tribe_tickets_list":"[]","_tribe_ticket_has_attendee_info_fields":false,"footnotes":""},"class_list":["post-3262","page","type-page","status-publish","hentry"],"acf":[],"_links":{"self":[{"href":"https:\/\/weinhundert.styleinc.eu\/da\/wp-json\/wp\/v2\/pages\/3262","targetHints":{"allow":["GET"]}}],"collection":[{"href":"https:\/\/weinhundert.styleinc.eu\/da\/wp-json\/wp\/v2\/pages"}],"about":[{"href":"https:\/\/weinhundert.styleinc.eu\/da\/wp-json\/wp\/v2\/types\/page"}],"author":[{"embeddable":true,"href":"https:\/\/weinhundert.styleinc.eu\/da\/wp-json\/wp\/v2\/users\/1"}],"replies":[{"embeddable":true,"href":"https:\/\/weinhundert.styleinc.eu\/da\/wp-json\/wp\/v2\/comments?post=3262"}],"version-history":[{"count":0,"href":"https:\/\/weinhundert.styleinc.eu\/da\/wp-json\/wp\/v2\/pages\/3262\/revisions"}],"wp:attachment":[{"href":"https:\/\/weinhundert.styleinc.eu\/da\/wp-json\/wp\/v2\/media?parent=3262"}],"curies":[{"name":"wp","href":"https:\/\/api.w.org\/{rel}","templated":true}]}}